{"id":165,"date":"2023-06-13T22:36:17","date_gmt":"2023-06-14T04:36:17","guid":{"rendered":"https:\/\/lempoagency.com\/?page_id=165"},"modified":"2023-06-14T00:22:39","modified_gmt":"2023-06-14T06:22:39","slug":"kpop-merch","status":"publish","type":"page","link":"https:\/\/lempoagency.com\/index.php\/kpop-merch\/","title":{"rendered":"KPOP MERCH"},"content":{"rendered":"\n<p class=\"has-blush-light-purple-gradient-background has-background has-medium-font-size\">BIENVENIDA A NUESTRA SECCION DE PEDIDOS ABIERTOS DE MERCANCIA COREANA Y PRODUCTOS KPOP.<\/p>\n\n\n\n<p>A continuaci\u00f3n encontrar\u00e1s los enlaces directos de nuestros formularios de los que podr\u00e1s conocer un amplio catalog\u00f3 de nuestros productos disponibles., da clic en cualquiera de las im\u00e1genes para entrar a uno de ellos<\/p>\n\n\n\n<p><\/p>\n\n\n\n<p class=\"has-pale-pink-color has-text-color has-large-font-size\">ALBUMS EN STOCK<\/p>\n\n\n\n<figure class=\"wp-block-image\"><a href=\"https:\/\/forms.gle\/7jFXyff5GLCJTHpL6\"><img decoding=\"async\" loading=\"lazy\" width=\"3085\" height=\"1085\" src=\"https:\/\/lempoagency.com\/wp-content\/uploads\/2023\/06\/LEMPO-AGENCY.png\" alt=\"\" class=\"wp-image-199\" srcset=\"https:\/\/lempoagency.com\/wp-content\/uploads\/2023\/06\/LEMPO-AGENCY.png 3085w, https:\/\/lempoagency.com\/wp-content\/uploads\/2023\/06\/LEMPO-AGENCY-300x106.png 300w, https:\/\/lempoagency.com\/wp-content\/uploads\/2023\/06\/LEMPO-AGENCY-1024x360.png 1024w, https:\/\/lempoagency.com\/wp-content\/uploads\/2023\/06\/LEMPO-AGENCY-768x270.png 768w, https:\/\/lempoagency.com\/wp-content\/uploads\/2023\/06\/LEMPO-AGENCY-1536x540.png 1536w, https:\/\/lempoagency.com\/wp-content\/uploads\/2023\/06\/LEMPO-AGENCY-2048x720.png 2048w\" sizes=\"(max-width: 3085px) 100vw, 3085px\" \/><\/a><\/figure>\n\n\n\n<p class=\"has-pale-pink-color has-text-color has-background has-large-font-size\" style=\"background-color:#ffffff21\">LIGHTSTICKS EN STOCK<\/p>\n\n\n\n<figure class=\"wp-block-image size-large\"><a href=\"https:\/\/forms.gle\/VBFQtAzBCpq55DH6A\"><img decoding=\"async\" loading=\"lazy\" width=\"1024\" height=\"360\" src=\"http:\/\/lempoagency.com\/wp-content\/uploads\/2023\/06\/LEMPO-AGENCY2-1024x360.png\" alt=\"\" class=\"wp-image-201\" srcset=\"https:\/\/lempoagency.com\/wp-content\/uploads\/2023\/06\/LEMPO-AGENCY2-1024x360.png 1024w, https:\/\/lempoagency.com\/wp-content\/uploads\/2023\/06\/LEMPO-AGENCY2-300x106.png 300w, https:\/\/lempoagency.com\/wp-content\/uploads\/2023\/06\/LEMPO-AGENCY2-768x270.png 768w, https:\/\/lempoagency.com\/wp-content\/uploads\/2023\/06\/LEMPO-AGENCY2-1536x540.png 1536w, https:\/\/lempoagency.com\/wp-content\/uploads\/2023\/06\/LEMPO-AGENCY2-2048x720.png 2048w\" sizes=\"(max-width: 1024px) 100vw, 1024px\" \/><\/a><\/figure>\n","protected":false},"excerpt":{"rendered":"<p>BIENVENIDA A NUESTRA SECCION DE PEDIDOS ABIERTOS DE MERCANCIA COREANA Y PRODUCTOS KPOP. A continuaci\u00f3n encontrar\u00e1s los enlaces directos de nuestros formularios de los que podr\u00e1s conocer un amplio catalog\u00f3 de nuestros productos disponibles., da clic en cualquiera de las im\u00e1genes para entrar a uno de ellos ALBUMS EN STOCK LIGHTSTICKS EN STOCK<\/p>\n","protected":false},"author":3,"featured_media":0,"parent":0,"menu_order":0,"comment_status":"closed","ping_status":"closed","template":"","meta":{"footnotes":""},"_links":{"self":[{"href":"https:\/\/lempoagency.com\/index.php\/wp-json\/wp\/v2\/pages\/165"}],"collection":[{"href":"https:\/\/lempoagency.com\/index.php\/wp-json\/wp\/v2\/pages"}],"about":[{"href":"https:\/\/lempoagency.com\/index.php\/wp-json\/wp\/v2\/types\/page"}],"author":[{"embeddable":true,"href":"https:\/\/lempoagency.com\/index.php\/wp-json\/wp\/v2\/users\/3"}],"replies":[{"embeddable":true,"href":"https:\/\/lempoagency.com\/index.php\/wp-json\/wp\/v2\/comments?post=165"}],"version-history":[{"count":4,"href":"https:\/\/lempoagency.com\/index.php\/wp-json\/wp\/v2\/pages\/165\/revisions"}],"predecessor-version":[{"id":231,"href":"https:\/\/lempoagency.com\/index.php\/wp-json\/wp\/v2\/pages\/165\/revisions\/231"}],"wp:attachment":[{"href":"https:\/\/lempoagency.com\/index.php\/wp-json\/wp\/v2\/media?parent=165"}],"curies":[{"name":"wp","href":"https:\/\/api.w.org\/{rel}","templated":true}]}}