{"id":103,"date":"2023-05-06T04:12:08","date_gmt":"2023-05-06T04:12:08","guid":{"rendered":"https:\/\/lempoagency.com\/?page_id=103"},"modified":"2023-06-13T23:16:54","modified_gmt":"2023-06-14T05:16:54","slug":"quienes-somos","status":"publish","type":"page","link":"https:\/\/lempoagency.com\/index.php\/quienes-somos\/","title":{"rendered":"\u00bfQuienes somos?"},"content":{"rendered":"\n<p>Nuestra empresa cuenta con una amplia experiencia en el \u00e1rea de la publicidad, Representaci\u00f3n de artistas, Ventas internacionales y la asesor\u00eda de imagen. Ofrecemos soluciones a medida para nuestros clientes, adapt\u00e1ndonos a sus necesidades y presupuestos.<\/p>\n\n\n\n<p class=\"has-pale-pink-color has-text-color has-large-font-size\"><strong>Servicios de Marketing:<\/strong><\/p>\n\n\n\n<ul>\n<li>Creaci\u00f3n y ejecuci\u00f3n de campa\u00f1as publicitarias en medios tradicionales y digitales.<\/li>\n\n\n\n<li>Desarrollo de materiales publicitarios y promocionales.<\/li>\n\n\n\n<li>Identidad visual y branding.<\/li>\n\n\n\n<li>Investigaci\u00f3n de mercado y an\u00e1lisis de competencia.<\/li>\n\n\n\n<li>Gesti\u00f3n de redes sociales y email marketing.<\/li>\n<\/ul>\n\n\n\n<p class=\"has-pale-pink-color has-text-color has-large-font-size\"><strong>Representaci\u00f3n de Artistas:<\/strong><\/p>\n\n\n\n<ul>\n<li>Asesoramiento y representaci\u00f3n de artistas en la industria del entretenimiento.<\/li>\n\n\n\n<li>Negociaci\u00f3n y gesti\u00f3n de contratos y acuerdos.<\/li>\n\n\n\n<li>Planificaci\u00f3n de giras y presentaciones en vivo.<\/li>\n\n\n\n<li>Promoci\u00f3n de lanzamientos de m\u00fasica, videos y otros productos.<\/li>\n\n\n\n<li>Creaci\u00f3n y actualizaci\u00f3n de sitios web y perfiles en redes sociales.<\/li>\n<\/ul>\n\n\n\n<p class=\"has-pale-pink-color has-text-color has-large-font-size\"><strong>Venta de Productos Coreanos en M\u00e9xico:<\/strong><\/p>\n\n\n\n<ul>\n<li>Importaci\u00f3n de productos de alta calidad directamente desde Corea.<\/li>\n\n\n\n<li>Oferta de productos de belleza, m\u00fasica, moda, alimentos, tecnolog\u00eda, entre otros.<\/li>\n\n\n\n<li>Asesoramiento en la elecci\u00f3n de productos seg\u00fan las necesidades del cliente.<\/li>\n\n\n\n<li>Distribuci\u00f3n y venta en tiendas f\u00edsicas y en l\u00ednea.<\/li>\n\n\n\n<li>Servicio al cliente personalizado y atenci\u00f3n postventa.<\/li>\n\n\n\n<li>Creaci\u00f3n y promoci\u00f3n de campa\u00f1as publicitarias para incentivar las ventas.<\/li>\n\n\n\n<li>Creaci\u00f3n de estrategias de venta y an\u00e1lisis de la competencia.<\/li>\n<\/ul>\n\n\n\n<ul>\n<li>Dise\u00f1o y ejecuci\u00f3n de planes de promoci\u00f3n y publicidad para el producto.<\/li>\n\n\n\n<li>Dise\u00f1o y optimizaci\u00f3n de tiendas en l\u00ednea para aumentar las ventas.<\/li>\n<\/ul>\n\n\n\n<p class=\"has-pale-pink-color has-text-color has-large-font-size\"><strong>Promoci\u00f3n y Publicidad de Eventos de Kpop<\/strong><\/p>\n\n\n\n<ul>\n<li>Creaci\u00f3n de campa\u00f1as publicitarias y promocionales para eventos de Kpop<\/li>\n\n\n\n<li>Dise\u00f1o de piezas gr\u00e1ficas para la promoci\u00f3n de eventos de Kpop en redes sociales y medios tradicionales<\/li>\n\n\n\n<li>Difusi\u00f3n de eventos de Kpop en medios locales y nacionales<\/li>\n\n\n\n<li>Publicaci\u00f3n de informaci\u00f3n sobre eventos de Kpop en la p\u00e1gina web y redes sociales de la empresa<\/li>\n<\/ul>\n\n\n\n<p class=\"has-pale-pink-color has-text-color has-large-font-size\"><strong>Asesor\u00eda de imagen:<\/strong><\/p>\n\n\n\n<ul>\n<li>Consultor\u00eda personalizada para la imagen de una empresa, artista o marca.<\/li>\n\n\n\n<li>An\u00e1lisis estil\u00edstico y de color para marcas y productos.<\/li>\n\n\n\n<li>Dise\u00f1o y desarrollo de uniformes e identidad visual para empresas.<\/li>\n<\/ul>\n","protected":false},"excerpt":{"rendered":"<p>Nuestra empresa cuenta con una amplia experiencia en el \u00e1rea de la publicidad, Representaci\u00f3n de artistas, Ventas internacionales y la asesor\u00eda de imagen. Ofrecemos soluciones a medida para nuestros clientes, adapt\u00e1ndonos a sus necesidades y presupuestos. Servicios de Marketing: Representaci\u00f3n de Artistas: Venta de Productos Coreanos en M\u00e9xico: Promoci\u00f3n y Publicidad de Eventos de Kpop<\/p>\n<div class=\"more-link\">\n\t\t\t\t <a href=\"https:\/\/lempoagency.com\/index.php\/quienes-somos\/\" class=\"btn theme-btn\"><span>Read More <\/span><\/a>\n\t\t\t<\/div>\n","protected":false},"author":1,"featured_media":0,"parent":0,"menu_order":0,"comment_status":"closed","ping_status":"closed","template":"","meta":{"footnotes":""},"_links":{"self":[{"href":"https:\/\/lempoagency.com\/index.php\/wp-json\/wp\/v2\/pages\/103"}],"collection":[{"href":"https:\/\/lempoagency.com\/index.php\/wp-json\/wp\/v2\/pages"}],"about":[{"href":"https:\/\/lempoagency.com\/index.php\/wp-json\/wp\/v2\/types\/page"}],"author":[{"embeddable":true,"href":"https:\/\/lempoagency.com\/index.php\/wp-json\/wp\/v2\/users\/1"}],"replies":[{"embeddable":true,"href":"https:\/\/lempoagency.com\/index.php\/wp-json\/wp\/v2\/comments?post=103"}],"version-history":[{"count":2,"href":"https:\/\/lempoagency.com\/index.php\/wp-json\/wp\/v2\/pages\/103\/revisions"}],"predecessor-version":[{"id":211,"href":"https:\/\/lempoagency.com\/index.php\/wp-json\/wp\/v2\/pages\/103\/revisions\/211"}],"wp:attachment":[{"href":"https:\/\/lempoagency.com\/index.php\/wp-json\/wp\/v2\/media?parent=103"}],"curies":[{"name":"wp","href":"https:\/\/api.w.org\/{rel}","templated":true}]}}